{"id":2,"date":"2024-03-18T01:02:32","date_gmt":"2024-03-18T01:02:32","guid":{"rendered":"https:\/\/oprchile.cl\/?page_id=2"},"modified":"2024-04-09T00:53:41","modified_gmt":"2024-04-09T00:53:41","slug":"sample-page","status":"publish","type":"page","link":"https:\/\/oprchile.cl\/index.php\/sample-page\/","title":{"rendered":""},"content":{"rendered":"\n<p class=\"has-text-align-center has-base-2-background-color has-background\" style=\"margin-top:0;margin-right:0;margin-bottom:0;margin-left:0\"><em>El a\u00f1o 2023, por iniciativa de una agrupaci\u00f3n de profesionales entre otros:  Ingenieros-Tecn\u00f3logos M\u00e9dicos de Radiolog\u00eda y F\u00edsica Medica-F\u00edsicos M\u00e9dicos y Prevencionistas de Riesgos y otros profesionales. Se da comienzo a una organizaci\u00f3n, que pretende fortalecer la actividad de la <strong>PROTECCION RADIOLOGICA Y EL CONTROL DE CALIDAD <\/strong>en el \u00e1rea hospitalaria del diagnostico y tratamiento, en la  industrial y en la investigaci\u00f3n nacional. <\/em><\/p>\n\n\n\n<blockquote class=\"wp-block-quote is-layout-flow wp-block-quote-is-layout-flow\">\n<p class=\"has-text-align-center\">Nuestro prop\u00f3sito es compartir conocimientos y experiencias. Ayudando a todos los profesionales en su crecimiento y desarrollo en el mundo de las radiaciones ionizantes y su relaci\u00f3n con la gesti\u00f3n y practica de la <strong>protecci\u00f3n radiol\u00f3gica y control de calidad.<\/strong><\/p>\n<\/blockquote>\n\n\n\n<blockquote class=\"wp-block-quote is-layout-flow wp-block-quote-is-layout-flow\">\n<p class=\"has-text-align-center\">Invitamos a toda la comunidad de profesionales dedicados a la <strong>protecci\u00f3n radiol\u00f3gica y control de calidad<\/strong> a que participen activamente en el desarrollo y crecimiento de su actividad<\/p>\n<\/blockquote>\n","protected":false},"excerpt":{"rendered":"<p>El a\u00f1o 2023, por iniciativa de una agrupaci\u00f3n de profesionales entre otros: Ingenieros-Tecn\u00f3logos M\u00e9dicos de Radiolog\u00eda y F\u00edsica Medica-F\u00edsicos M\u00e9dicos y Prevencionistas de Riesgos y otros profesionales. Se da comienzo a una organizaci\u00f3n, que pretende fortalecer la actividad de la PROTECCION RADIOLOGICA Y EL CONTROL DE CALIDAD en el \u00e1rea hospitalaria del diagnostico y tratamiento, [&hellip;]<\/p>\n","protected":false},"author":1,"featured_media":15,"parent":0,"menu_order":0,"comment_status":"closed","ping_status":"open","template":"","meta":{"footnotes":""},"class_list":["post-2","page","type-page","status-publish","has-post-thumbnail","hentry"],"_links":{"self":[{"href":"https:\/\/oprchile.cl\/index.php\/wp-json\/wp\/v2\/pages\/2","targetHints":{"allow":["GET"]}}],"collection":[{"href":"https:\/\/oprchile.cl\/index.php\/wp-json\/wp\/v2\/pages"}],"about":[{"href":"https:\/\/oprchile.cl\/index.php\/wp-json\/wp\/v2\/types\/page"}],"author":[{"embeddable":true,"href":"https:\/\/oprchile.cl\/index.php\/wp-json\/wp\/v2\/users\/1"}],"replies":[{"embeddable":true,"href":"https:\/\/oprchile.cl\/index.php\/wp-json\/wp\/v2\/comments?post=2"}],"version-history":[{"count":13,"href":"https:\/\/oprchile.cl\/index.php\/wp-json\/wp\/v2\/pages\/2\/revisions"}],"predecessor-version":[{"id":297,"href":"https:\/\/oprchile.cl\/index.php\/wp-json\/wp\/v2\/pages\/2\/revisions\/297"}],"wp:featuredmedia":[{"embeddable":true,"href":"https:\/\/oprchile.cl\/index.php\/wp-json\/wp\/v2\/media\/15"}],"wp:attachment":[{"href":"https:\/\/oprchile.cl\/index.php\/wp-json\/wp\/v2\/media?parent=2"}],"curies":[{"name":"wp","href":"https:\/\/api.w.org\/{rel}","templated":true}]}}