{"id":3,"date":"2024-03-18T01:02:32","date_gmt":"2024-03-18T01:02:32","guid":{"rendered":"https:\/\/oprchile.cl\/?page_id=3"},"modified":"2024-04-09T01:21:25","modified_gmt":"2024-04-09T01:21:25","slug":"privacy-policy","status":"publish","type":"page","link":"https:\/\/oprchile.cl\/index.php\/privacy-policy\/","title":{"rendered":""},"content":{"rendered":"\n<h4 class=\"wp-block-heading\"><strong>Palabras del directorio \u00abTemporal\u00bb<\/strong><\/h4>\n\n\n\n<p class=\"has-text-align-left has-small-font-size\">Como todo comienzo hay muchas ganas, fuerza, disciplina y esperanza de que esta organizaci\u00f3n permita ayudar en la formaci\u00f3n de todos los profesionales que est\u00e1n de una u otra forma dedicados a la Protecci\u00f3n Radiol\u00f3gica en Chile. Que podamos reunirnos en torno a un objetivo com\u00fan en un ambiente de camarader\u00eda entre profesionales de distintas formaciones de pregrado y postgrado, que por distintos caminos hoy nos dedicamos al desarrollo de la protecci\u00f3n radiol\u00f3gica y control de calidad en el \u00e1rea hospitalaria publica y privada, en  imagenolog\u00eda veterinaria, en la industria en general y en el \u00e1rea de la investigaci\u00f3n y docencia.<\/p>\n\n\n\n<p><\/p>\n\n\n\n<h5 class=\"wp-block-heading has-text-align-left\"><strong>N<\/strong><em><strong>uestra misi\u00f3n y visi\u00f3n: <\/strong>La visi\u00f3n y misi\u00f3n la definiremos entre todos los que quieran participar.    Cada uno ser\u00e1 un aporte muy necesario para el crecimiento personal y de  la organizaci\u00f3n. Aportando su trabajo y dedicando parte de su horario de vigilia a esta sociedad que nace para aportar al crecimiento nuestro hermoso Pa\u00eds.<\/em><\/h5>\n","protected":false},"excerpt":{"rendered":"<p>Palabras del directorio \u00abTemporal\u00bb Como todo comienzo hay muchas ganas, fuerza, disciplina y esperanza de que esta organizaci\u00f3n permita ayudar en la formaci\u00f3n de todos los profesionales que est\u00e1n de una u otra forma dedicados a la Protecci\u00f3n Radiol\u00f3gica en Chile. Que podamos reunirnos en torno a un objetivo com\u00fan en un ambiente de camarader\u00eda [&hellip;]<\/p>\n","protected":false},"author":1,"featured_media":15,"parent":0,"menu_order":0,"comment_status":"closed","ping_status":"open","template":"","meta":{"footnotes":""},"class_list":["post-3","page","type-page","status-publish","has-post-thumbnail","hentry"],"_links":{"self":[{"href":"https:\/\/oprchile.cl\/index.php\/wp-json\/wp\/v2\/pages\/3","targetHints":{"allow":["GET"]}}],"collection":[{"href":"https:\/\/oprchile.cl\/index.php\/wp-json\/wp\/v2\/pages"}],"about":[{"href":"https:\/\/oprchile.cl\/index.php\/wp-json\/wp\/v2\/types\/page"}],"author":[{"embeddable":true,"href":"https:\/\/oprchile.cl\/index.php\/wp-json\/wp\/v2\/users\/1"}],"replies":[{"embeddable":true,"href":"https:\/\/oprchile.cl\/index.php\/wp-json\/wp\/v2\/comments?post=3"}],"version-history":[{"count":19,"href":"https:\/\/oprchile.cl\/index.php\/wp-json\/wp\/v2\/pages\/3\/revisions"}],"predecessor-version":[{"id":310,"href":"https:\/\/oprchile.cl\/index.php\/wp-json\/wp\/v2\/pages\/3\/revisions\/310"}],"wp:featuredmedia":[{"embeddable":true,"href":"https:\/\/oprchile.cl\/index.php\/wp-json\/wp\/v2\/media\/15"}],"wp:attachment":[{"href":"https:\/\/oprchile.cl\/index.php\/wp-json\/wp\/v2\/media?parent=3"}],"curies":[{"name":"wp","href":"https:\/\/api.w.org\/{rel}","templated":true}]}}